{"id":12771,"date":"2013-10-30T09:23:07","date_gmt":"2013-10-30T09:23:07","guid":{"rendered":"https:\/\/the7.io\/main\/dummy\/?page_id=12771"},"modified":"2022-10-05T23:03:43","modified_gmt":"2022-10-05T23:03:43","slug":"acerca-de-nosotros","status":"publish","type":"page","link":"https:\/\/www.solucionesceotic.com\/en\/acerca-de-nosotros\/","title":{"rendered":"About Us"},"content":{"rendered":"<div data-vc-full-width=\"true\" data-vc-full-width-init=\"false\" data-vc-stretch-content=\"true\" class=\"vc_row wpb_row vc_row-fluid vc_custom_1613178111216 vc_row-no-padding\"><div class=\"wpb_column vc_column_container vc_col-sm-12 vc_col-lg-offset-0 vc_col-lg-12 vc_col-md-offset-0 vc_col-md-12 vc_col-sm-offset-0 vc_col-xs-12\"><div class=\"vc_column-inner\"><div class=\"wpb_wrapper\">\n\t\t\t<!-- START About us REVOLUTION SLIDER 6.3.4 --><p class=\"rs-p-wp-fix\"><\/p>\n\t\t\t<rs-module-wrap id=\"rev_slider_13_1_wrapper\" data-source=\"gallery\" style=\"background:#111111;padding:0;margin:0px auto;margin-top:0;margin-bottom:0;max-width:;\">\n\t\t\t\t<rs-module id=\"rev_slider_13_1\" style=\"\" data-version=\"6.3.4\">\n\t\t\t\t\t<rs-slides>\n\t\t\t\t\t\t<rs-slide data-key=\"rs-30\" data-title=\"Slide\" data-anim=\"ei:d;eo:d;s:1000;r:0;t:fade;sl:d;\">\n\t\t\t\t\t\t\t<img loading=\"lazy\" decoding=\"async\" src=\"\/\/solucionesceotic.com\/wp-content\/uploads\/2021\/02\/about.jpg\" title=\"about\" width=\"1920\" height=\"1281\" data-parallax=\"off\" class=\"rev-slidebg\" data-no-retina>\n<!--\n\t\t\t\t\t\t\t--><rs-layer\n\t\t\t\t\t\t\t\tid=\"slider-13-slide-30-layer-12\" \n\t\t\t\t\t\t\t\tclass=\"tp-shape tp-shapewrapper\"\n\t\t\t\t\t\t\t\tdata-type=\"shape\"\n\t\t\t\t\t\t\t\tdata-rsp_ch=\"on\"\n\t\t\t\t\t\t\t\tdata-xy=\"x:c;xo:-5800px;y:m;yo:-5100px;\"\n\t\t\t\t\t\t\t\tdata-text=\"a:inherit;\"\n\t\t\t\t\t\t\t\tdata-dim=\"w:500px;h:500px;\"\n\t\t\t\t\t\t\t\tdata-border=\"bos:solid;boc:rgba(255, 255, 255, 0.3);bow:5px,5px,5px,5px;\"\n\t\t\t\t\t\t\t\tdata-frame_0=\"rZ:45;\"\n\t\t\t\t\t\t\t\tdata-frame_1=\"rZ:45;sR:10;\"\n\t\t\t\t\t\t\t\tdata-frame_999=\"o:0;st:w;sR:2690;\"\n\t\t\t\t\t\t\t\tstyle=\"z-index:5;\"\n\t\t\t\t\t\t\t> \n\t\t\t\t\t\t\t<\/rs-layer><!--\n\n\t\t\t\t\t\t\t--><rs-layer\n\t\t\t\t\t\t\t\tid=\"slider-13-slide-30-layer-14\" \n\t\t\t\t\t\t\t\tclass=\"tp-shape tp-shapewrapper\"\n\t\t\t\t\t\t\t\tdata-type=\"shape\"\n\t\t\t\t\t\t\t\tdata-rsp_ch=\"on\"\n\t\t\t\t\t\t\t\tdata-xy=\"x:c;xo:5800px;y:m;yo:5100px;\"\n\t\t\t\t\t\t\t\tdata-text=\"a:inherit;\"\n\t\t\t\t\t\t\t\tdata-dim=\"w:500px;h:500px;\"\n\t\t\t\t\t\t\t\tdata-border=\"bos:solid;boc:rgba(255, 255, 255, 0.3);bow:5px,5px,5px,5px;\"\n\t\t\t\t\t\t\t\tdata-frame_0=\"rZ:45;\"\n\t\t\t\t\t\t\t\tdata-frame_1=\"rZ:45;sR:10;\"\n\t\t\t\t\t\t\t\tdata-frame_999=\"o:0;st:w;sR:2690;\"\n\t\t\t\t\t\t\t\tstyle=\"z-index:6;\"\n\t\t\t\t\t\t\t> \n\t\t\t\t\t\t\t<\/rs-layer><!--\n\n\t\t\t\t\t\t\t--><rs-layer\n\t\t\t\t\t\t\t\tid=\"slider-13-slide-30-layer-15\" \n\t\t\t\t\t\t\t\tclass=\"tp-shape tp-shapewrapper\"\n\t\t\t\t\t\t\t\tdata-type=\"shape\"\n\t\t\t\t\t\t\t\tdata-rsp_ch=\"on\"\n\t\t\t\t\t\t\t\tdata-xy=\"x:c;xo:-5700px;y:m;yo:5300px;\"\n\t\t\t\t\t\t\t\tdata-text=\"a:inherit;\"\n\t\t\t\t\t\t\t\tdata-dim=\"w:500px;h:500px;\"\n\t\t\t\t\t\t\t\tdata-border=\"bos:solid;boc:rgba(225, 28, 89, 0.4);bow:5px,5px,5px,5px;\"\n\t\t\t\t\t\t\t\tdata-frame_0=\"rZ:45;\"\n\t\t\t\t\t\t\t\tdata-frame_1=\"rZ:45;sR:10;\"\n\t\t\t\t\t\t\t\tdata-frame_999=\"o:0;st:w;sR:2690;\"\n\t\t\t\t\t\t\t\tstyle=\"z-index:8;\"\n\t\t\t\t\t\t\t> \n\t\t\t\t\t\t\t<\/rs-layer><!--\n\n\t\t\t\t\t\t\t--><rs-layer\n\t\t\t\t\t\t\t\tid=\"slider-13-slide-30-layer-16\" \n\t\t\t\t\t\t\t\tclass=\"tp-shape tp-shapewrapper\"\n\t\t\t\t\t\t\t\tdata-type=\"shape\"\n\t\t\t\t\t\t\t\tdata-rsp_ch=\"on\"\n\t\t\t\t\t\t\t\tdata-xy=\"x:c;xo:5700px;y:m;yo:-5300px;\"\n\t\t\t\t\t\t\t\tdata-text=\"a:inherit;\"\n\t\t\t\t\t\t\t\tdata-dim=\"w:500px;h:500px;\"\n\t\t\t\t\t\t\t\tdata-border=\"bos:solid;boc:rgba(225, 28, 89, 0.4);bow:5px,5px,5px,5px;\"\n\t\t\t\t\t\t\t\tdata-frame_0=\"rZ:45;\"\n\t\t\t\t\t\t\t\tdata-frame_1=\"rZ:45;sR:10;\"\n\t\t\t\t\t\t\t\tdata-frame_999=\"o:0;st:w;sR:2690;\"\n\t\t\t\t\t\t\t\tstyle=\"z-index:7;\"\n\t\t\t\t\t\t\t> \n\t\t\t\t\t\t\t<\/rs-layer><!--\n-->\t\t\t\t\t\t<\/rs-slide>\n\t\t\t\t\t<\/rs-slides>\n\t\t\t\t\t<rs-static-layers><!--\n\n\t\t\t\t\t\t\t--><rs-layer\n\t\t\t\t\t\t\t\tid=\"slider-13-slide-13-layer-18\" \n\t\t\t\t\t\t\t\tclass=\"rs-layer-static\"\n\t\t\t\t\t\t\t\tdata-type=\"image\"\n\t\t\t\t\t\t\t\tdata-rsp_ch=\"on\"\n\t\t\t\t\t\t\t\tdata-xy=\"x:c;y:m;yo:-50px;\"\n\t\t\t\t\t\t\t\tdata-text=\"l:22;a:inherit;\"\n\t\t\t\t\t\t\t\tdata-dim=\"w:['100px','100px','100px','100px'];h:['100px','100px','100px','100px'];\"\n\t\t\t\t\t\t\t\tdata-onslides=\"s:1;\"\n\t\t\t\t\t\t\t\tdata-frame_0=\"y:-50px;\"\n\t\t\t\t\t\t\t\tdata-frame_1=\"sp:1500;sR:10;\"\n\t\t\t\t\t\t\t\tdata-frame_999=\"o:0;st:w;sR:1490;\"\n\t\t\t\t\t\t\t\tdata-loop_0=\"y:7;\"\n\t\t\t\t\t\t\t\tdata-loop_999=\"sp:2000;e:easeOutCirc;yym:t;yys:t;yyf:t;\"\n\t\t\t\t\t\t\t\tstyle=\"z-index:12;\"\n\t\t\t\t\t\t\t><img loading=\"lazy\" decoding=\"async\" src=\"\/\/solucionesceotic.com\/wp-content\/uploads\/2021\/02\/013_Logo_png_5.png\" width=\"1000\" height=\"1000\" data-no-retina> \n\t\t\t\t\t\t\t<\/rs-layer><!--\n\n\t\t\t\t\t\t\t--><rs-layer\n\t\t\t\t\t\t\t\tid=\"slider-13-slide-13-layer-22\" \n\t\t\t\t\t\t\t\tclass=\"tp-shape tp-shapewrapper rs-layer-static\"\n\t\t\t\t\t\t\t\tdata-type=\"shape\"\n\t\t\t\t\t\t\t\tdata-rsp_ch=\"on\"\n\t\t\t\t\t\t\t\tdata-xy=\"x:c;xo:2px;y:m;\"\n\t\t\t\t\t\t\t\tdata-text=\"a:inherit;\"\n\t\t\t\t\t\t\t\tdata-dim=\"w:100%;h:100%;\"\n\t\t\t\t\t\t\t\tdata-basealign=\"slide\"\n\t\t\t\t\t\t\t\tdata-onslides=\"s:1;\"\n\t\t\t\t\t\t\t\tdata-frame_1=\"sR:10;\"\n\t\t\t\t\t\t\t\tdata-frame_999=\"o:0;st:w;sR:2690;\"\n\t\t\t\t\t\t\t\tstyle=\"z-index:5;background-color:rgba(0,0,0,0.6);\"\n\t\t\t\t\t\t\t> \n\t\t\t\t\t\t\t<\/rs-layer><!--\n\n\t\t\t\t\t\t\t--><h3\n\t\t\t\t\t\t\t\tid=\"slider-13-slide-13-layer-24\" \n\t\t\t\t\t\t\t\tclass=\"rs-layer rs-layer-static\"\n\t\t\t\t\t\t\t\tdata-type=\"text\"\n\t\t\t\t\t\t\t\tdata-rsp_ch=\"on\"\n\t\t\t\t\t\t\t\tdata-xy=\"x:c;y:m;yo:60px;\"\n\t\t\t\t\t\t\t\tdata-text=\"s:55;l:134;fw:500;a:center;\"\n\t\t\t\t\t\t\t\tdata-onslides=\"s:1;\"\n\t\t\t\t\t\t\t\tdata-frame_0=\"sX:0.9;sY:0.9;\"\n\t\t\t\t\t\t\t\tdata-frame_1=\"sp:1500;sR:10;\"\n\t\t\t\t\t\t\t\tdata-frame_999=\"o:0;st:w;sR:1490;\"\n\t\t\t\t\t\t\t\tstyle=\"z-index:16;font-family:Raleway;\"\n\t\t\t\t\t\t\t>About Us \n\t\t\t\t\t\t\t<\/h3><!--\n\t\t\t\t\t--><\/rs-static-layers>\n\t\t\t\t<\/rs-module>\n\t\t\t\t<script type=\"text\/javascript\">\n\t\t\t\t\tsetREVStartSize({c: 'rev_slider_13_1',rl:[1240,1240,778,480],el:[580,580,700,600],gw:[1100,1100,900,800],gh:[580,580,580,580],type:'standard',justify:'',layout:'fullwidth',mh:\"0\"});\n\t\t\t\t\tvar\trevapi13,\n\t\t\t\t\t\ttpj;\n\t\t\t\t\tfunction revinit_revslider131() {\n\t\t\t\t\tjQuery(function() {\n\t\t\t\t\t\ttpj = jQuery;\n\t\t\t\t\t\trevapi13 = tpj(\"#rev_slider_13_1\");\n\t\t\t\t\t\tif(revapi13==undefined || revapi13.revolution == undefined){\n\t\t\t\t\t\t\trevslider_showDoubleJqueryError(\"rev_slider_13_1\");\n\t\t\t\t\t\t}else{\n\t\t\t\t\t\t\trevapi13.revolution({\n\t\t\t\t\t\t\t\tduration:3000,\n\t\t\t\t\t\t\t\tvisibilityLevels:\"1240,1240,778,480\",\n\t\t\t\t\t\t\t\tgridwidth:\"1100,1100,900,800\",\n\t\t\t\t\t\t\t\tgridheight:\"580,580,580,580\",\n\t\t\t\t\t\t\t\tperspective:600,\n\t\t\t\t\t\t\t\tperspectiveType:\"local\",\n\t\t\t\t\t\t\t\teditorheight:\"580,580,700,600\",\n\t\t\t\t\t\t\t\tresponsiveLevels:\"1240,1240,778,480\",\n\t\t\t\t\t\t\t\tprogressBar:{disableProgressBar:true},\n\t\t\t\t\t\t\t\tnavigation: {\n\t\t\t\t\t\t\t\t\tonHoverStop:false\n\t\t\t\t\t\t\t\t},\n\t\t\t\t\t\t\t\tparallax: {\n\t\t\t\t\t\t\t\t\tlevels:[1,3,15,20,25,30,35,40,45,46,47,48,49,50,51,55],\n\t\t\t\t\t\t\t\t\ttype:\"mousescroll\",\n\t\t\t\t\t\t\t\t\torigo:\"slidercenter\",\n\t\t\t\t\t\t\t\t\tspeed:5000,\n\t\t\t\t\t\t\t\t\tdisable_onmobile:true\n\t\t\t\t\t\t\t\t},\n\t\t\t\t\t\t\t\tviewPort: {\n\t\t\t\t\t\t\t\t\tenable:true,\n\t\t\t\t\t\t\t\t\tvisible_area:\"20%\"\n\t\t\t\t\t\t\t\t},\n\t\t\t\t\t\t\t\tfallbacks: {\n\t\t\t\t\t\t\t\t\tallowHTML5AutoPlayOnAndroid:true\n\t\t\t\t\t\t\t\t},\n\t\t\t\t\t\t\t});\n\t\t\t\t\t\t}\n\t\t\t\t\t\t\n\t\t\t\t\t});\n\t\t\t\t\t} \/\/ End of RevInitScript\n\t\t\t\tvar once_revslider131 = false;\n\t\t\t\tif (document.readyState === \"loading\") {document.addEventListener('readystatechange',function() { if((document.readyState === \"interactive\" || document.readyState === \"complete\") && !once_revslider131 ) { once_revslider131 = true; revinit_revslider131();}});} else {once_revslider131 = true; revinit_revslider131();}\n\t\t\t\t<\/script>\n\t\t\t<\/rs-module-wrap>\n\t\t\t<!-- END REVOLUTION SLIDER -->\n<\/div><\/div><\/div><\/div><div class=\"vc_row-full-width vc_clearfix\"><\/div><div data-vc-full-width=\"true\" data-vc-full-width-init=\"false\" data-vc-stretch-content=\"true\" class=\"vc_row wpb_row vc_row-fluid vc_custom_1612996393613 vc_row-no-padding vc_row-o-equal-height vc_row-o-content-middle vc_row-flex\"><div class=\"wpb_column vc_column_container vc_col-sm-12 vc_col-lg-6 vc_col-md-6 vc_col-xs-12\"><div class=\"vc_column-inner vc_custom_1612897532276\"><div class=\"wpb_wrapper\"><style type=\"text\/css\" data-type=\"the7_shortcodes-inline-css\">.shortcode-single-image-wrap.shortcode-single-image-9169f6c279521c07dea79127fa7628f9.enable-bg-rollover .rollover i,\n.shortcode-single-image-wrap.shortcode-single-image-9169f6c279521c07dea79127fa7628f9.enable-bg-rollover .rollover-video i {\n  background: -webkit-linear-gradient();\n  background: linear-gradient();\n}\n.shortcode-single-image-wrap.shortcode-single-image-9169f6c279521c07dea79127fa7628f9 .rollover-icon {\n  font-size: 32px;\n  color: #ffffff;\n  min-width: 44px;\n  min-height: 44px;\n  line-height: 44px;\n  border-radius: 100px;\n  border-style: solid;\n  border-width: 0px;\n}\n.dt-icon-bg-on.shortcode-single-image-wrap.shortcode-single-image-9169f6c279521c07dea79127fa7628f9 .rollover-icon {\n  background: rgba(255,255,255,0.3);\n  box-shadow: none;\n}\n<\/style><div class=\"shortcode-single-image-wrap shortcode-single-image-9169f6c279521c07dea79127fa7628f9 alignnone  enable-bg-rollover dt-icon-bg-off\" style=\"margin-top:0px; margin-bottom:0px; margin-left:0px; margin-right:0px; width:1200px;\"><div class=\"shortcode-single-image img-about-us\"><div class=\"fancy-media-wrap  layzr-bg\" style=\"\"><img loading=\"lazy\" decoding=\"async\" class=\"preload-me lazy-load\" src=\"data:image\/svg+xml,%3Csvg%20xmlns%3D&#39;http%3A%2F%2Fwww.w3.org%2F2000%2Fsvg&#39;%20viewBox%3D&#39;0%200%201200%20900&#39;%2F%3E\" data-src=\"https:\/\/www.solucionesceotic.com\/wp-content\/uploads\/2021\/02\/about-us-1200x900.jpg\" data-srcset=\"https:\/\/www.solucionesceotic.com\/wp-content\/uploads\/2021\/02\/about-us-1200x900.jpg 1200w, https:\/\/www.solucionesceotic.com\/wp-content\/uploads\/2021\/02\/about-us-1918x1439.jpg 1918w\" width=\"1200\" height=\"900\"  data-dt-location=\"https:\/\/www.solucionesceotic.com\/en\/about-us\/\" style=\"\" alt=\"\" \/><\/div><\/div><\/div><\/div><\/div><\/div><div class=\"wpb_column vc_column_container vc_col-sm-12 vc_col-lg-6 vc_col-md-6 vc_col-xs-12\"><div class=\"vc_column-inner vc_custom_1612996420783\"><div class=\"wpb_wrapper\"><div id=\"ultimate-heading-923969deeb427f249\" class=\"uvc-heading ult-adjust-bottom-margin ultimate-heading-923969deeb427f249 uvc-3935 color-title uvc-heading-default-font-sizes\" data-hspacer=\"no_spacer\"  data-halign=\"left\" style=\"text-align:left\"><div class=\"uvc-heading-spacer no_spacer\" style=\"top\"><\/div><div class=\"uvc-main-heading ult-responsive\"  data-ultimate-target='.uvc-heading.ultimate-heading-923969deeb427f249 h2'  data-responsive-json-new='{\"font-size\":\"\",\"line-height\":\"\"}' ><h2 style=\"font-weight:bold;margin-bottom:15px;\">Who we are<\/h2><\/div><\/div>\n\t<div class=\"wpb_text_column wpb_content_element  vc_custom_1612898510759\" >\n\t\t<div class=\"wpb_wrapper\">\n\t\t\t<p style=\"text-align: justify;\">We are a company dedicated to developing\nsoftware for companies in various sectors; our proposition is based on optimizing their processes,\ngiving them competitive advantages in the market through the effective appropriation of ICTs.<\/p>\n\n\t\t<\/div>\n\t<\/div>\n<style type=\"text\/css\" data-type=\"the7_shortcodes-inline-css\">#default-btn-2e7f33e2eff9db906f4b456fd1bed362.ico-right-side > i {\n  margin-right: 0px;\n  margin-left: 8px;\n}\n#default-btn-2e7f33e2eff9db906f4b456fd1bed362 > i {\n  margin-right: 8px;\n}\n#default-btn-2e7f33e2eff9db906f4b456fd1bed362 * {\n  vertical-align: middle;\n}\n<\/style><div class=\"btn-align-center\"><a href=\"\/en\/SolucionesCeotic\/contact\/\" class=\"default-btn-shortcode dt-btn dt-btn-m link-hover-off\" id=\"default-btn-2e7f33e2eff9db906f4b456fd1bed362\" title=\"Contact\"><span>Contact Us<\/span><\/a><\/div><\/div><\/div><\/div><\/div><div class=\"vc_row-full-width vc_clearfix\"><\/div><div class=\"vc_row wpb_row vc_row-fluid vc_custom_1612898388840\"><div class=\"wpb_column vc_column_container vc_col-sm-4\"><div class=\"vc_column-inner\"><div class=\"wpb_wrapper\">\n\t<div class=\"wpb_text_column wpb_content_element\" >\n\t\t<div class=\"wpb_wrapper\">\n\t\t\t<h4 style=\"text-align: center;\"><img loading=\"lazy\" decoding=\"async\" class=\"alignnone size-medium wp-image-57193\" src=\"http:\/\/localhost\/SolucionesCeotic\/wp-content\/uploads\/2021\/02\/017-performance-300x300.png\" alt=\"\" width=\"60\" height=\"60\" srcset=\"https:\/\/www.solucionesceotic.com\/wp-content\/uploads\/2021\/02\/017-performance-300x300.png 300w, https:\/\/www.solucionesceotic.com\/wp-content\/uploads\/2021\/02\/017-performance-200x200.png 200w, https:\/\/www.solucionesceotic.com\/wp-content\/uploads\/2021\/02\/017-performance-150x150.png 150w, https:\/\/www.solucionesceotic.com\/wp-content\/uploads\/2021\/02\/017-performance.png 512w\" sizes=\"(max-width: 60px) 100vw, 60px\" \/><\/h4>\n<h4 style=\"text-align: center; color: #03001e;\">Mission<\/h4>\n<p style=\"text-align: justify;\">Help the community by effective implementation of analysis and information system development,\nwhich ensures data management and optimizing of organizing processes.<\/p>\n\n\t\t<\/div>\n\t<\/div>\n<\/div><\/div><\/div><div class=\"wpb_column vc_column_container vc_col-sm-4\"><div class=\"vc_column-inner\"><div class=\"wpb_wrapper\">\n\t<div class=\"wpb_text_column wpb_content_element\" >\n\t\t<div class=\"wpb_wrapper\">\n\t\t\t<h4 style=\"text-align: center;\"><img loading=\"lazy\" decoding=\"async\" class=\"alignnone size-medium wp-image-57192\" src=\"http:\/\/localhost\/SolucionesCeotic\/wp-content\/uploads\/2021\/02\/057-eye-300x300.png\" alt=\"\" width=\"60\" height=\"60\" srcset=\"https:\/\/www.solucionesceotic.com\/wp-content\/uploads\/2021\/02\/057-eye-300x300.png 300w, https:\/\/www.solucionesceotic.com\/wp-content\/uploads\/2021\/02\/057-eye-200x200.png 200w, https:\/\/www.solucionesceotic.com\/wp-content\/uploads\/2021\/02\/057-eye-150x150.png 150w, https:\/\/www.solucionesceotic.com\/wp-content\/uploads\/2021\/02\/057-eye.png 512w\" sizes=\"(max-width: 60px) 100vw, 60px\" \/><\/h4>\n<h4 style=\"text-align: center;\">Vision<\/h4>\n<p style=\"text-align: justify;\">Transform the quality of life of\na 10000 users of easy to use platforms, and 100 developers capable in new, high impact tecnologies.<\/p>\n\n\t\t<\/div>\n\t<\/div>\n<\/div><\/div><\/div><div class=\"wpb_column vc_column_container vc_col-sm-4\"><div class=\"vc_column-inner\"><div class=\"wpb_wrapper\">\n\t<div class=\"wpb_text_column wpb_content_element\" >\n\t\t<div class=\"wpb_wrapper\">\n\t\t\t<p><img loading=\"lazy\" decoding=\"async\" class=\"alignnone size-medium wp-image-57203 aligncenter\" src=\"http:\/\/localhost\/SolucionesCeotic\/wp-content\/uploads\/2021\/02\/053-heart-300x300.png\" alt=\"\" width=\"60\" height=\"60\" srcset=\"https:\/\/www.solucionesceotic.com\/wp-content\/uploads\/2021\/02\/053-heart-300x300.png 300w, https:\/\/www.solucionesceotic.com\/wp-content\/uploads\/2021\/02\/053-heart-200x200.png 200w, https:\/\/www.solucionesceotic.com\/wp-content\/uploads\/2021\/02\/053-heart-150x150.png 150w, https:\/\/www.solucionesceotic.com\/wp-content\/uploads\/2021\/02\/053-heart.png 512w\" sizes=\"(max-width: 60px) 100vw, 60px\" \/><\/p>\n<h4 style=\"text-align: center;\">Our value proposition<\/h4>\n<p style=\"text-align: justify;\">We help small and medium-sized companies grow sustainably, with easy to learn and use platforms, which connect real necessities with efficient solutions.<\/p>\n\n\t\t<\/div>\n\t<\/div>\n<\/div><\/div><\/div><\/div><div class=\"vc_row wpb_row vc_row-fluid\"><div class=\"wpb_column vc_column_container vc_col-sm-6\"><div class=\"vc_column-inner\"><div class=\"wpb_wrapper\">\n\t<div class=\"wpb_raw_code wpb_content_element wpb_raw_html\" >\n\t\t<div class=\"wpb_wrapper\">\n\t\t\t<p id=\"read_more\">READ MORE<\/p>\n\t\t<\/div>\n\t<\/div>\n<\/div><\/div><\/div><div class=\"wpb_column vc_column_container vc_col-sm-6\"><div class=\"vc_column-inner\"><div class=\"wpb_wrapper\">\n\t<div class=\"wpb_raw_code wpb_content_element wpb_raw_html\" >\n\t\t<div class=\"wpb_wrapper\">\n\t\t\t<p id=\"contact_us\" style=\"color:#ffff\">CONTACT US<\/p>\n\t\t<\/div>\n\t<\/div>\n<\/div><\/div><\/div><\/div>","protected":false},"excerpt":{"rendered":"<p>Qui\u00e9nes somos Somos una empresa dedicada al desarrollo de software para empresas de diferentes sectores; nuestra propuesta se basa en lograr la optimizaci\u00f3n de sus procesos brind\u00e1ndoles as\u00ed una ventaja competitiva en el mercado mediante la apropiaci\u00f3n efectiva de las TIC. Misi\u00f3n Servir a la comunidad a trav\u00e9s de la implementaci\u00f3n efectiva del an\u00e1lisis y&hellip;<\/p>","protected":false},"author":1,"featured_media":0,"parent":0,"menu_order":10,"comment_status":"closed","ping_status":"closed","template":"","meta":[],"yoast_head":"<!-- This site is optimized with the Yoast SEO plugin v20.6 - https:\/\/yoast.com\/wordpress\/plugins\/seo\/ -->\n<title>Acerca de nosotros - Soluciones Ceotic<\/title>\n<meta name=\"robots\" content=\"index, follow, max-snippet:-1, max-image-preview:large, max-video-preview:-1\" \/>\n<link rel=\"canonical\" href=\"https:\/\/www.solucionesceotic.com\/en\/acerca-de-nosotros\/\" \/>\n<meta property=\"og:locale\" content=\"en_US\" \/>\n<meta property=\"og:type\" content=\"article\" \/>\n<meta property=\"og:title\" content=\"Acerca de nosotros - Soluciones Ceotic\" \/>\n<meta property=\"og:url\" content=\"https:\/\/www.solucionesceotic.com\/en\/acerca-de-nosotros\/\" \/>\n<meta property=\"og:site_name\" content=\"Soluciones Ceotic\" \/>\n<meta property=\"article:modified_time\" content=\"2022-10-05T23:03:43+00:00\" \/>\n<meta property=\"og:image\" content=\"http:\/\/localhost\/SolucionesCeotic\/wp-content\/uploads\/2021\/02\/017-performance-300x300.png\" \/>\n<meta name=\"twitter:card\" content=\"summary_large_image\" \/>\n<meta name=\"twitter:label1\" content=\"Est. reading time\" \/>\n\t<meta name=\"twitter:data1\" content=\"2 minutes\" \/>\n<script type=\"application\/ld+json\" class=\"yoast-schema-graph\">{\"@context\":\"https:\/\/schema.org\",\"@graph\":[{\"@type\":\"WebPage\",\"@id\":\"https:\/\/www.solucionesceotic.com\/en\/acerca-de-nosotros\/\",\"url\":\"https:\/\/www.solucionesceotic.com\/en\/acerca-de-nosotros\/\",\"name\":\"Acerca de nosotros - Soluciones Ceotic\",\"isPartOf\":{\"@id\":\"https:\/\/3.220.59.168\/#website\"},\"datePublished\":\"2013-10-30T09:23:07+00:00\",\"dateModified\":\"2022-10-05T23:03:43+00:00\",\"breadcrumb\":{\"@id\":\"https:\/\/www.solucionesceotic.com\/en\/acerca-de-nosotros\/#breadcrumb\"},\"inLanguage\":\"en-US\",\"potentialAction\":[{\"@type\":\"ReadAction\",\"target\":[\"https:\/\/www.solucionesceotic.com\/en\/acerca-de-nosotros\/\"]}]},{\"@type\":\"BreadcrumbList\",\"@id\":\"https:\/\/www.solucionesceotic.com\/en\/acerca-de-nosotros\/#breadcrumb\",\"itemListElement\":[{\"@type\":\"ListItem\",\"position\":1,\"name\":\"Portada\",\"item\":\"https:\/\/3.220.59.168\/\"},{\"@type\":\"ListItem\",\"position\":2,\"name\":\"Acerca de nosotros\"}]},{\"@type\":\"WebSite\",\"@id\":\"https:\/\/3.220.59.168\/#website\",\"url\":\"https:\/\/3.220.59.168\/\",\"name\":\"Soluciones Ceotic\",\"description\":\"\",\"publisher\":{\"@id\":\"https:\/\/3.220.59.168\/#organization\"},\"potentialAction\":[{\"@type\":\"SearchAction\",\"target\":{\"@type\":\"EntryPoint\",\"urlTemplate\":\"https:\/\/3.220.59.168\/?s={search_term_string}\"},\"query-input\":\"required name=search_term_string\"}],\"inLanguage\":\"en-US\"},{\"@type\":\"Organization\",\"@id\":\"https:\/\/3.220.59.168\/#organization\",\"name\":\"Soluciones Ceotic\",\"url\":\"https:\/\/3.220.59.168\/\",\"logo\":{\"@type\":\"ImageObject\",\"inLanguage\":\"en-US\",\"@id\":\"https:\/\/3.220.59.168\/#\/schema\/logo\/image\/\",\"url\":\"https:\/\/www.solucionesceotic.com\/wp-content\/uploads\/2021\/02\/logo-ceotic-4.png\",\"contentUrl\":\"https:\/\/www.solucionesceotic.com\/wp-content\/uploads\/2021\/02\/logo-ceotic-4.png\",\"width\":150,\"height\":39,\"caption\":\"Soluciones Ceotic\"},\"image\":{\"@id\":\"https:\/\/3.220.59.168\/#\/schema\/logo\/image\/\"}}]}<\/script>\n<!-- \/ Yoast SEO plugin. -->","yoast_head_json":{"title":"Acerca de nosotros - Soluciones Ceotic","robots":{"index":"index","follow":"follow","max-snippet":"max-snippet:-1","max-image-preview":"max-image-preview:large","max-video-preview":"max-video-preview:-1"},"canonical":"https:\/\/www.solucionesceotic.com\/en\/acerca-de-nosotros\/","og_locale":"en_US","og_type":"article","og_title":"Acerca de nosotros - Soluciones Ceotic","og_url":"https:\/\/www.solucionesceotic.com\/en\/acerca-de-nosotros\/","og_site_name":"Soluciones Ceotic","article_modified_time":"2022-10-05T23:03:43+00:00","og_image":[{"url":"http:\/\/localhost\/SolucionesCeotic\/wp-content\/uploads\/2021\/02\/017-performance-300x300.png"}],"twitter_card":"summary_large_image","twitter_misc":{"Est. reading time":"2 minutes"},"schema":{"@context":"https:\/\/schema.org","@graph":[{"@type":"WebPage","@id":"https:\/\/www.solucionesceotic.com\/en\/acerca-de-nosotros\/","url":"https:\/\/www.solucionesceotic.com\/en\/acerca-de-nosotros\/","name":"Acerca de nosotros - Soluciones Ceotic","isPartOf":{"@id":"https:\/\/3.220.59.168\/#website"},"datePublished":"2013-10-30T09:23:07+00:00","dateModified":"2022-10-05T23:03:43+00:00","breadcrumb":{"@id":"https:\/\/www.solucionesceotic.com\/en\/acerca-de-nosotros\/#breadcrumb"},"inLanguage":"en-US","potentialAction":[{"@type":"ReadAction","target":["https:\/\/www.solucionesceotic.com\/en\/acerca-de-nosotros\/"]}]},{"@type":"BreadcrumbList","@id":"https:\/\/www.solucionesceotic.com\/en\/acerca-de-nosotros\/#breadcrumb","itemListElement":[{"@type":"ListItem","position":1,"name":"Portada","item":"https:\/\/3.220.59.168\/"},{"@type":"ListItem","position":2,"name":"Acerca de nosotros"}]},{"@type":"WebSite","@id":"https:\/\/3.220.59.168\/#website","url":"https:\/\/3.220.59.168\/","name":"Soluciones Ceotic","description":"","publisher":{"@id":"https:\/\/3.220.59.168\/#organization"},"potentialAction":[{"@type":"SearchAction","target":{"@type":"EntryPoint","urlTemplate":"https:\/\/3.220.59.168\/?s={search_term_string}"},"query-input":"required name=search_term_string"}],"inLanguage":"en-US"},{"@type":"Organization","@id":"https:\/\/3.220.59.168\/#organization","name":"Soluciones Ceotic","url":"https:\/\/3.220.59.168\/","logo":{"@type":"ImageObject","inLanguage":"en-US","@id":"https:\/\/3.220.59.168\/#\/schema\/logo\/image\/","url":"https:\/\/www.solucionesceotic.com\/wp-content\/uploads\/2021\/02\/logo-ceotic-4.png","contentUrl":"https:\/\/www.solucionesceotic.com\/wp-content\/uploads\/2021\/02\/logo-ceotic-4.png","width":150,"height":39,"caption":"Soluciones Ceotic"},"image":{"@id":"https:\/\/3.220.59.168\/#\/schema\/logo\/image\/"}}]}},"_links":{"self":[{"href":"https:\/\/www.solucionesceotic.com\/en\/wp-json\/wp\/v2\/pages\/12771"}],"collection":[{"href":"https:\/\/www.solucionesceotic.com\/en\/wp-json\/wp\/v2\/pages"}],"about":[{"href":"https:\/\/www.solucionesceotic.com\/en\/wp-json\/wp\/v2\/types\/page"}],"author":[{"embeddable":true,"href":"https:\/\/www.solucionesceotic.com\/en\/wp-json\/wp\/v2\/users\/1"}],"replies":[{"embeddable":true,"href":"https:\/\/www.solucionesceotic.com\/en\/wp-json\/wp\/v2\/comments?post=12771"}],"version-history":[{"count":54,"href":"https:\/\/www.solucionesceotic.com\/en\/wp-json\/wp\/v2\/pages\/12771\/revisions"}],"predecessor-version":[{"id":57631,"href":"https:\/\/www.solucionesceotic.com\/en\/wp-json\/wp\/v2\/pages\/12771\/revisions\/57631"}],"wp:attachment":[{"href":"https:\/\/www.solucionesceotic.com\/en\/wp-json\/wp\/v2\/media?parent=12771"}],"curies":[{"name":"wp","href":"https:\/\/api.w.org\/{rel}","templated":true}]}}